{"id":9176,"date":"2025-12-15T19:50:05","date_gmt":"2025-12-15T19:50:05","guid":{"rendered":"https:\/\/taifasfestival.ro\/?page_id=9176"},"modified":"2025-12-15T22:32:35","modified_gmt":"2025-12-15T22:32:35","slug":"bursa-de-cercetare-taifas-2025","status":"publish","type":"page","link":"https:\/\/taifasfestival.ro\/en\/bursa-de-cercetare-taifas-2025\/","title":{"rendered":"Bursa de cercetare Taifas 2025"},"content":{"rendered":"<div data-elementor-type=\"wp-page\" data-elementor-id=\"9176\" class=\"elementor elementor-9176\" data-elementor-post-type=\"page\">\n\t\t\t\t\t\t<section data-section-luminosity=\"dark\" class=\"elementor-section elementor-top-section elementor-element elementor-element-d4a4ebc elementor-section-boxed elementor-section-height-default elementor-section-height-default\" data-id=\"d4a4ebc\" data-element_type=\"section\" data-settings=\"{&quot;background_background&quot;:&quot;classic&quot;}\">\n\t\t\t\t\t\t<div class=\"elementor-container elementor-column-gap-default\">\n\t\t\t\t\t<div class=\"elementor-column elementor-col-100 elementor-top-column elementor-element elementor-element-6ca008c7\" data-id=\"6ca008c7\" data-element_type=\"column\">\n\t\t\t<div class=\"elementor-widget-wrap elementor-element-populated\">\n\t\t\t\t\t\t<section class=\"elementor-section elementor-inner-section elementor-element elementor-element-7e162373 elementor-section-boxed elementor-section-height-default elementor-section-height-default\" data-id=\"7e162373\" data-element_type=\"section\">\n\t\t\t\t\t\t<div class=\"elementor-container elementor-column-gap-default\">\n\t\t\t\t\t<div class=\"elementor-column elementor-col-100 elementor-inner-column elementor-element elementor-element-54e8e0f6\" data-id=\"54e8e0f6\" data-element_type=\"column\">\n\t\t\t<div class=\"elementor-widget-wrap elementor-element-populated\">\n\t\t\t\t\t\t<div class=\"elementor-element elementor-element-2dd28de6 elementor-widget elementor-widget-hub_fancy_heading\" data-id=\"2dd28de6\" data-element_type=\"widget\" data-widget_type=\"hub_fancy_heading.default\">\n\t\t\t\t<div class=\"elementor-widget-container\">\n\t\t\t\t\t\n\t\t<div id=\"ld-fancy-heading-69d47075b9c75\" class=\"ld-fancy-heading pos-rel\">\n\t\t\t<h1 class=\"ld-fh-element d-inline-block pos-rel  elementor-heading-title lqd-highlight-classic lqd-highlight-grow-left h5\"  > Bursa de cercetare Taifas 2025<\/h1>\t\t<\/div>\n\n\t\t\t\t\t\t<\/div>\n\t\t\t\t<\/div>\n\t\t\t\t\t<\/div>\n\t\t<\/div>\n\t\t\t\t\t<\/div>\n\t\t<\/section>\n\t\t\t\t<div class=\"elementor-element elementor-element-45475be5 elementor-widget elementor-widget-ld_fancy_image\" data-id=\"45475be5\" data-element_type=\"widget\" data-widget_type=\"ld_fancy_image.default\">\n\t\t\t\t<div class=\"elementor-widget-container\">\n\t\t\t\t\t\n\t\t<div class=\"lqd-imggrp-single d-block pos-rel perspective\" data-hover3d=\"true\">\n\t\t\t<div class=\"lqd-imggrp-img-container d-inline-flex pos-rel align-items-center justify-content-center transform-style-3d\">\n\t\t\t\t\t\t\t\t<figure class=\"w-100 pos-rel\" data-stacking-factor=\"1\" data-reveal=\"true\" data-reveal-options=\"{&quot;direction&quot;:&quot;lr&quot;}\">\n\t\t\t\t\t<img fetchpriority=\"high\" decoding=\"async\" width=\"590\" height=\"393\" src=\"https:\/\/taifasfestival.ro\/wp-content\/uploads\/2025\/12\/bursa.jpg\" class=\"attachment-full size-full wp-image-9190\" alt=\"\" srcset=\"https:\/\/taifasfestival.ro\/wp-content\/uploads\/2025\/12\/bursa.jpg 590w, https:\/\/taifasfestival.ro\/wp-content\/uploads\/2025\/12\/bursa-300x200.jpg 300w, https:\/\/taifasfestival.ro\/wp-content\/uploads\/2025\/12\/bursa-18x12.jpg 18w\" sizes=\"(max-width: 590px) 100vw, 590px\" itemprop=\"image\" \/>\t\t\t\t\t\t\t\t\t\t\t\t\t\t\t\t\t\t\t\t\t\t\t\t\t\t\t\t\t<\/figure>\n\t\t\t<\/div>\n\t\t<\/div>\n\n\t\t\t\t\t<\/div>\n\t\t\t\t<\/div>\n\t\t\t\t\t<\/div>\n\t\t<\/div>\n\t\t\t\t\t<\/div>\n\t\t<\/section>\n\t\t\t\t<section class=\"elementor-section elementor-top-section elementor-element elementor-element-40af35fc elementor-section-boxed elementor-section-height-default elementor-section-height-default\" data-id=\"40af35fc\" data-element_type=\"section\" data-settings=\"{&quot;background_background&quot;:&quot;classic&quot;}\">\n\t\t\t\t\t\t<div class=\"elementor-container elementor-column-gap-no\">\n\t\t\t\t\t<div class=\"elementor-column elementor-col-100 elementor-top-column elementor-element elementor-element-6378ec8d\" data-id=\"6378ec8d\" data-element_type=\"column\">\n\t\t\t<div class=\"elementor-widget-wrap elementor-element-populated\">\n\t\t\t\t\t\t<section class=\"elementor-section elementor-inner-section elementor-element elementor-element-5d82c072 elementor-section-boxed elementor-section-height-default elementor-section-height-default\" data-id=\"5d82c072\" data-element_type=\"section\">\n\t\t\t\t\t\t<div class=\"elementor-container elementor-column-gap-default\">\n\t\t\t\t\t<div class=\"elementor-column elementor-col-50 elementor-inner-column elementor-element elementor-element-6ae05572\" data-id=\"6ae05572\" data-element_type=\"column\">\n\t\t\t<div class=\"elementor-widget-wrap elementor-element-populated\">\n\t\t\t\t\t\t<div class=\"elementor-element elementor-element-c100445 elementor-widget elementor-widget-hub_fancy_heading\" data-id=\"c100445\" data-element_type=\"widget\" data-widget_type=\"hub_fancy_heading.default\">\n\t\t\t\t<div class=\"elementor-widget-container\">\n\t\t\t\t\t\n\t\t<div id=\"ld-fancy-heading-69d47075bbed0\" class=\"ld-fancy-heading pos-rel\">\n\t\t\t<h2 class=\"ld-fh-element d-inline-block pos-rel  elementor-heading-title lqd-highlight-classic lqd-highlight-grow-left h2\"  > Bursa de cercetare Taifas reprezint\u0103 o ini\u021biativ\u0103 esen\u021bial\u0103 pentru sprijinirea cercet\u0103rii \u0219i inov\u0103rii \u00een domeniul cinematografiei. Prin intermediul ei, cercet\u0103tori, critici de film \u0219i al\u021bi profesioni\u0219ti au oportunitatea de a explora teme relevante, de a aduce noi perspective asupra istoriei \u0219i teoriei filmului, dar \u0219i de a eviden\u021bia aspecte culturale, sociale sau tehnice mai pu\u021bin reprezentate \u00een discursul cinematografic actual. <\/h2>\t\t<\/div>\n\n\t\t\t\t\t\t<\/div>\n\t\t\t\t<\/div>\n\t\t\t\t\t<\/div>\n\t\t<\/div>\n\t\t\t\t<div class=\"elementor-column elementor-col-50 elementor-inner-column elementor-element elementor-element-1297cfb\" data-id=\"1297cfb\" data-element_type=\"column\">\n\t\t\t<div class=\"elementor-widget-wrap elementor-element-populated\">\n\t\t\t\t\t\t<div class=\"elementor-element elementor-element-e362269 elementor-align-left elementor-widget elementor-widget-ld_icon_box\" data-id=\"e362269\" data-element_type=\"widget\" data-widget_type=\"ld_icon_box.default\">\n\t\t\t\t<div class=\"elementor-widget-container\">\n\t\t\t\t\t\n\t\t\t<div id=\"ld_icon_box_e362269\" class=\"iconbox d-flex flex-grow-1 pos-rel flex-wrap align-items-center iconbox-inline\"   >\n\n\t\t\t\t\n\t\t\t\t<div class=\"iconbox-icon-wrap\"><div class=\"iconbox-icon-container d-inline-flex\"><svg aria-hidden=\"true\" class=\"e-font-icon-svg e-fas-book-open\" viewbox=\"0 0 576 512\" xmlns=\"http:\/\/www.w3.org\/2000\/svg\"><path d=\"M542.22 32.05c-54.8 3.11-163.72 14.43-230.96 55.59-4.64 2.84-7.27 7.89-7.27 13.17v363.87c0 11.55 12.63 18.85 23.28 13.49 69.18-34.82 169.23-44.32 218.7-46.92 16.89-.89 30.02-14.43 30.02-30.66V62.75c.01-17.71-15.35-31.74-33.77-30.7zM264.73 87.64C197.5 46.48 88.58 35.17 33.78 32.05 15.36 31.01 0 45.04 0 62.75V400.6c0 16.24 13.13 29.78 30.02 30.66 49.49 2.6 149.59 12.11 218.77 46.95 10.62 5.35 23.21-1.94 23.21-13.46V100.63c0-5.29-2.62-10.14-7.27-12.99z\"><\/path><\/svg><\/div><\/div>\n\t\t\t\t<h3 class=\"lqd-iconbox-heading\" >Textele bursierilor 2025 <\/h3>\n\t\t\t\t<div class=\"contents\">\n\t\t\t\t\n\t\t\t\t\t\t\t\t<p>See what the authors wrote during their stay in Timi\u0219oara.<\/p>\n\t\t\t\t\t\t\t\t<a href=\"https:\/\/taifasfestival.ro\/en\/rezidenta-literara-eseuri-si-impresii\/\" class=\"elementor-button btn ws-nowrap btn-solid btn-icon-shaped btn-has-label\" >\n\t\t\t\t\t\t\t\t\t\t\t<span class=\"btn-txt\"  data-text=\"Cite\u0219te aici\" >Read here<\/span>\n\t\t\t\t\t\t\t\t\t\t\t\t\t\t<\/a>\n\n\t\t\t\t\n\t\t\t\t<\/div>\n\t\t\t\t\n\t\t\t<\/div>\n\n\t\t\t\t\t\t<\/div>\n\t\t\t\t<\/div>\n\t\t\t\t\t<\/div>\n\t\t<\/div>\n\t\t\t\t\t<\/div>\n\t\t<\/section>\n\t\t\t\t<div class=\"elementor-element elementor-element-26b014f2 elementor-widget elementor-widget-spacer\" data-id=\"26b014f2\" data-element_type=\"widget\" data-widget_type=\"spacer.default\">\n\t\t\t\t<div class=\"elementor-widget-container\">\n\t\t\t\t\t\t\t<div class=\"elementor-spacer\">\n\t\t\t<div class=\"elementor-spacer-inner\"><\/div>\n\t\t<\/div>\n\t\t\t\t\t\t<\/div>\n\t\t\t\t<\/div>\n\t\t\t\t\t<\/div>\n\t\t<\/div>\n\t\t\t\t\t<\/div>\n\t\t<\/section>\n\t\t\t\t<section class=\"elementor-section elementor-top-section elementor-element elementor-element-61607274 elementor-section-boxed elementor-section-height-default elementor-section-height-default\" data-id=\"61607274\" data-element_type=\"section\" data-settings=\"{&quot;background_background&quot;:&quot;classic&quot;}\">\n\t\t\t\t\t\t<div class=\"elementor-container elementor-column-gap-no\">\n\t\t\t\t\t<div class=\"elementor-column elementor-col-100 elementor-top-column elementor-element elementor-element-5edcc121\" data-id=\"5edcc121\" data-element_type=\"column\">\n\t\t\t<div class=\"elementor-widget-wrap elementor-element-populated\">\n\t\t\t\t\t\t<section class=\"elementor-section elementor-inner-section elementor-element elementor-element-4bcba6d0 elementor-section-boxed elementor-section-height-default elementor-section-height-default\" data-id=\"4bcba6d0\" data-element_type=\"section\">\n\t\t\t\t\t\t<div class=\"elementor-container elementor-column-gap-default\">\n\t\t\t\t\t<div class=\"elementor-column elementor-col-100 elementor-inner-column elementor-element elementor-element-7e4c0eae\" data-id=\"7e4c0eae\" data-element_type=\"column\">\n\t\t\t<div class=\"elementor-widget-wrap elementor-element-populated\">\n\t\t\t\t\t\t<div class=\"elementor-element elementor-element-6e8f715d elementor-widget__width-auto elementor-widget elementor-widget-hub_fancy_heading\" data-id=\"6e8f715d\" data-element_type=\"widget\" data-widget_type=\"hub_fancy_heading.default\">\n\t\t\t\t<div class=\"elementor-widget-container\">\n\t\t\t\t\t\n\t\t<div id=\"ld-fancy-heading-69d47075ce65d\" class=\"ld-fancy-heading pos-rel\">\n\t\t\t<h6 class=\"ld-fh-element d-inline-block pos-rel  elementor-heading-title lqd-highlight-classic lqd-highlight-grow-left h6\"  > ABOUT US<\/h6>\t\t<\/div>\n\n\t\t\t\t\t\t<\/div>\n\t\t\t\t<\/div>\n\t\t\t\t<div class=\"elementor-element elementor-element-0ccc75d elementor-widget elementor-widget-hub_fancy_heading\" data-id=\"0ccc75d\" data-element_type=\"widget\" data-widget_type=\"hub_fancy_heading.default\">\n\t\t\t\t<div class=\"elementor-widget-container\">\n\t\t\t\t\t\n\t\t<div id=\"ld-fancy-heading-69d47075cedd7\" class=\"ld-fancy-heading pos-rel\">\n\t\t\t<h2 class=\"ld-fh-element d-inline-block pos-rel  elementor-heading-title lqd-highlight-classic lqd-highlight-grow-left h2\"  > Edi\u021bia din acest an s-a adresat studen\u021bilor \u0219i absolven\u021bilor (licen\u021b\u0103, masterat \u0219i doctorat) sub 35 de ani din Europa \u0219i s-a concentrat pe dou\u0103 direc\u021bii principale de cercetare:\n\n1. Cinematografia balcanic\u0103 \u0219i dialogul cultural \u2013 reprezent\u0103ri ale identit\u0103\u021bilor, minorit\u0103\u021bilor \u0219i temelor sociale \u00een cinema-ul est-european;\n2. Dezvoltarea publicului \u2013 strategii de implicare \u0219i vizibilitate a filmului balcanic \u00een festivaluri interna\u021bionale.<br>\nApelul pentru Bursa de Cercetare TAIFAS a generat un interes interna\u021bional, atr\u0103g\u00e2nd aplica\u021bii din \u0219ase \u021b\u0103ri europene: Rom\u00e2nia, Croa\u021bia, Albania, Austria, Germania \u0219i Marea Britanie. \n\u00cen urma procesului de selec\u021bie, cei trei bursieri ai edi\u021biei 2025 sunt:<br>\nTibor \u0110ur\u0111ev (University of Zagreb) \u2013 Silence After the Revolution, despre via\u021ba cotidian\u0103 \u00een filmele post-socialiste din Iugoslavia \u0219i Rom\u00e2nia;<br>\nKonstanty Kuzma (University of Stuttgart) \u2013 Communal Life or the Promise of Prosperity, despre absen\u021ba reprezent\u0103rii solidarit\u0103\u021bii comunitare \u00een cinematografia est-european\u0103;<br>\nNela Gluhak (Academy of Dramatic Art, Zagreb) \u2013 Bury Your Gays, despre reprezentarea personajelor LGBTQ+ \u00een cinematografia balcanic\u0103 dup\u0103 anii \u201990.<br>\nCercet\u0103rile realizate \u00een cadrul bursei vor fi publicate de editura Contrasens \u00eentr-un volum colectiv \u00een 2027.<br>\nPrin acest program, Festivalul TAIFAS reafirm\u0103 importan\u021ba cercet\u0103rii academice \u00een \u00een\u021belegerea \u0219i promovarea cinematografiilor regionale, sus\u021bin\u00e2nd o nou\u0103 genera\u021bie de tineri cercet\u0103tori care contribuie activ la reconfigurarea peisajului cultural \u0219i critic al filmului balcanic.\n\n\n<\/h2>\t\t<\/div>\n\n\t\t\t\t\t\t<\/div>\n\t\t\t\t<\/div>\n\t\t\t\t\t<\/div>\n\t\t<\/div>\n\t\t\t\t\t<\/div>\n\t\t<\/section>\n\t\t\t\t\t<\/div>\n\t\t<\/div>\n\t\t\t\t\t<\/div>\n\t\t<\/section>\n\t\t\t\t<section data-section-luminosity=\"light\" class=\"elementor-section elementor-top-section elementor-element elementor-element-359ebbc0 elementor-section-boxed elementor-section-height-default elementor-section-height-default\" data-id=\"359ebbc0\" data-element_type=\"section\">\n\t\t\t\t\t\t<div class=\"elementor-container elementor-column-gap-default\">\n\t\t\t\t\t<div class=\"elementor-column elementor-col-100 elementor-top-column elementor-element elementor-element-2f737f7c\" data-id=\"2f737f7c\" data-element_type=\"column\">\n\t\t\t<div class=\"elementor-widget-wrap elementor-element-populated\">\n\t\t\t\t\t\t<section class=\"elementor-section elementor-inner-section elementor-element elementor-element-37d6cac8 elementor-section-full_width elementor-section-height-default elementor-section-height-default\" data-id=\"37d6cac8\" data-element_type=\"section\">\n\t\t\t\t\t\t<div class=\"elementor-container elementor-column-gap-default\">\n\t\t\t\t\t<div class=\"elementor-column elementor-col-100 elementor-inner-column elementor-element elementor-element-60cdaf1a\" data-id=\"60cdaf1a\" data-element_type=\"column\">\n\t\t\t<div class=\"elementor-widget-wrap elementor-element-populated\">\n\t\t\t\t\t\t<div class=\"elementor-element elementor-element-4bcc48df elementor-widget elementor-widget-hub_fancy_heading\" data-id=\"4bcc48df\" data-element_type=\"widget\" data-widget_type=\"hub_fancy_heading.default\">\n\t\t\t\t<div class=\"elementor-widget-container\">\n\t\t\t\t\t\n\t\t<div id=\"ld-fancy-heading-69d47075cf552\" class=\"ld-fancy-heading pos-rel\">\n\t\t\t<h2 class=\"ld-fh-element d-inline-block pos-rel  elementor-heading-title lqd-highlight-classic lqd-highlight-grow-left h2\"  > Bursierii TAIFAS 2025<\/h2>\t\t<\/div>\n\n\t\t\t\t\t\t<\/div>\n\t\t\t\t<\/div>\n\t\t\t\t\t<\/div>\n\t\t<\/div>\n\t\t\t\t\t<\/div>\n\t\t<\/section>\n\t\t\t\t<section class=\"elementor-section elementor-inner-section elementor-element elementor-element-34a93b9d elementor-section-boxed elementor-section-height-default elementor-section-height-default\" data-id=\"34a93b9d\" data-element_type=\"section\">\n\t\t\t\t\t\t<div class=\"elementor-container elementor-column-gap-default\">\n\t\t\t\t\t<div class=\"elementor-column elementor-col-50 elementor-inner-column elementor-element elementor-element-33a8e65\" data-id=\"33a8e65\" data-element_type=\"column\">\n\t\t\t<div class=\"elementor-widget-wrap elementor-element-populated\">\n\t\t\t\t\t\t<div class=\"elementor-element elementor-element-6ed72aab elementor-widget elementor-widget-image\" data-id=\"6ed72aab\" data-element_type=\"widget\" data-widget_type=\"image.default\">\n\t\t\t\t<div class=\"elementor-widget-container\">\n\t\t\t\t\t\t\t\t\t\t\t\t\t\t\t<img decoding=\"async\" width=\"780\" height=\"780\" src=\"https:\/\/taifasfestival.ro\/wp-content\/uploads\/2025\/12\/1-1024x1024.jpg\" class=\"attachment-large size-large wp-image-9194\" alt=\"\" srcset=\"https:\/\/taifasfestival.ro\/wp-content\/uploads\/2025\/12\/1-1024x1024.jpg 1024w, https:\/\/taifasfestival.ro\/wp-content\/uploads\/2025\/12\/1-300x300.jpg 300w, https:\/\/taifasfestival.ro\/wp-content\/uploads\/2025\/12\/1-150x150.jpg 150w, https:\/\/taifasfestival.ro\/wp-content\/uploads\/2025\/12\/1-12x12.jpg 12w, https:\/\/taifasfestival.ro\/wp-content\/uploads\/2025\/12\/1-320x320.jpg 320w, https:\/\/taifasfestival.ro\/wp-content\/uploads\/2025\/12\/1-760x760.jpg 760w, https:\/\/taifasfestival.ro\/wp-content\/uploads\/2025\/12\/1.jpg 1080w\" sizes=\"(max-width: 780px) 100vw, 780px\" \/>\t\t\t\t\t\t\t\t\t\t\t\t\t\t\t<\/div>\n\t\t\t\t<\/div>\n\t\t\t\t<div class=\"elementor-element elementor-element-4fc055fb elementor-widget elementor-widget-hub_fancy_heading\" data-id=\"4fc055fb\" data-element_type=\"widget\" data-widget_type=\"hub_fancy_heading.default\">\n\t\t\t\t<div class=\"elementor-widget-container\">\n\t\t\t\t\t\n\t\t<div id=\"ld-fancy-heading-69d47075cfbd5\" class=\"ld-fancy-heading pos-rel\">\n\t\t\t<h4 class=\"ld-fh-element d-inline-block pos-rel  elementor-heading-title lqd-highlight-classic lqd-highlight-grow-left h4\"  > Konstanty Kuzma<\/h4>\t\t<\/div>\n\n\t\t\t\t\t\t<\/div>\n\t\t\t\t<\/div>\n\t\t\t\t<div class=\"elementor-element elementor-element-7df1f8d9 elementor-widget elementor-widget-hub_fancy_heading\" data-id=\"7df1f8d9\" data-element_type=\"widget\" data-widget_type=\"hub_fancy_heading.default\">\n\t\t\t\t<div class=\"elementor-widget-container\">\n\t\t\t\t\t\n\t\t<div id=\"ld-fancy-heading-69d47075d0402\" class=\"ld-fancy-heading pos-rel\">\n\t\t\t\t\t<\/div>\n\n\t\t\t\t\t\t<\/div>\n\t\t\t\t<\/div>\n\t\t\t\t\t<\/div>\n\t\t<\/div>\n\t\t\t\t<div class=\"elementor-column elementor-col-50 elementor-inner-column elementor-element elementor-element-381f55a\" data-id=\"381f55a\" data-element_type=\"column\">\n\t\t\t<div class=\"elementor-widget-wrap elementor-element-populated\">\n\t\t\t\t\t\t<div class=\"elementor-element elementor-element-203496b1 elementor-widget elementor-widget-image\" data-id=\"203496b1\" data-element_type=\"widget\" data-widget_type=\"image.default\">\n\t\t\t\t<div class=\"elementor-widget-container\">\n\t\t\t\t\t\t\t\t\t\t\t\t\t\t\t<img decoding=\"async\" width=\"780\" height=\"780\" src=\"https:\/\/taifasfestival.ro\/wp-content\/uploads\/2025\/12\/3-1024x1024.jpg\" class=\"attachment-large size-large wp-image-9195\" alt=\"\" srcset=\"https:\/\/taifasfestival.ro\/wp-content\/uploads\/2025\/12\/3-1024x1024.jpg 1024w, https:\/\/taifasfestival.ro\/wp-content\/uploads\/2025\/12\/3-300x300.jpg 300w, https:\/\/taifasfestival.ro\/wp-content\/uploads\/2025\/12\/3-150x150.jpg 150w, https:\/\/taifasfestival.ro\/wp-content\/uploads\/2025\/12\/3-12x12.jpg 12w, https:\/\/taifasfestival.ro\/wp-content\/uploads\/2025\/12\/3-320x320.jpg 320w, https:\/\/taifasfestival.ro\/wp-content\/uploads\/2025\/12\/3-760x760.jpg 760w, https:\/\/taifasfestival.ro\/wp-content\/uploads\/2025\/12\/3.jpg 1080w\" sizes=\"(max-width: 780px) 100vw, 780px\" \/>\t\t\t\t\t\t\t\t\t\t\t\t\t\t\t<\/div>\n\t\t\t\t<\/div>\n\t\t\t\t<div class=\"elementor-element elementor-element-50339faa elementor-widget elementor-widget-hub_fancy_heading\" data-id=\"50339faa\" data-element_type=\"widget\" data-widget_type=\"hub_fancy_heading.default\">\n\t\t\t\t<div class=\"elementor-widget-container\">\n\t\t\t\t\t\n\t\t<div id=\"ld-fancy-heading-69d47075d0a1e\" class=\"ld-fancy-heading pos-rel\">\n\t\t\t<h4 class=\"ld-fh-element d-inline-block pos-rel  elementor-heading-title lqd-highlight-classic lqd-highlight-grow-left h4\"  > Tibor \u0110ur\u0111ev<\/h4>\t\t<\/div>\n\n\t\t\t\t\t\t<\/div>\n\t\t\t\t<\/div>\n\t\t\t\t<div class=\"elementor-element elementor-element-97cbaf0 elementor-widget elementor-widget-hub_fancy_heading\" data-id=\"97cbaf0\" data-element_type=\"widget\" data-widget_type=\"hub_fancy_heading.default\">\n\t\t\t\t<div class=\"elementor-widget-container\">\n\t\t\t\t\t\n\t\t<div id=\"ld-fancy-heading-69d47075d0fc9\" class=\"ld-fancy-heading pos-rel\">\n\t\t\t\t\t<\/div>\n\n\t\t\t\t\t\t<\/div>\n\t\t\t\t<\/div>\n\t\t\t\t\t<\/div>\n\t\t<\/div>\n\t\t\t\t\t<\/div>\n\t\t<\/section>\n\t\t\t\t<div class=\"elementor-element elementor-element-7182f990 elementor-widget elementor-widget-hub_fancy_heading\" data-id=\"7182f990\" data-element_type=\"widget\" data-widget_type=\"hub_fancy_heading.default\">\n\t\t\t\t<div class=\"elementor-widget-container\">\n\t\t\t\t\t\n\t\t<div id=\"ld-fancy-heading-69d47075d1698\" class=\"ld-fancy-heading pos-rel\">\n\t\t\t\t\t<\/div>\n\n\t\t\t\t\t\t<\/div>\n\t\t\t\t<\/div>\n\t\t\t\t<section class=\"elementor-section elementor-inner-section elementor-element elementor-element-d228976 elementor-section-boxed elementor-section-height-default elementor-section-height-default\" data-id=\"d228976\" data-element_type=\"section\">\n\t\t\t\t\t\t<div class=\"elementor-container elementor-column-gap-default\">\n\t\t\t\t\t<div class=\"elementor-column elementor-col-100 elementor-inner-column elementor-element elementor-element-c24a3ab\" data-id=\"c24a3ab\" data-element_type=\"column\">\n\t\t\t<div class=\"elementor-widget-wrap elementor-element-populated\">\n\t\t\t\t\t\t<div class=\"elementor-element elementor-element-2f0efa7 elementor-widget elementor-widget-image\" data-id=\"2f0efa7\" data-element_type=\"widget\" data-widget_type=\"image.default\">\n\t\t\t\t<div class=\"elementor-widget-container\">\n\t\t\t\t\t\t\t\t\t\t\t\t\t\t\t<img loading=\"lazy\" decoding=\"async\" width=\"780\" height=\"780\" src=\"data:image\/svg+xml;charset=utf-8,%3Csvg xmlns%3D&#039;http%3A%2F%2Fwww.w3.org%2F2000%2Fsvg&#039; viewBox%3D&#039;0 0 1024 1024&#039;%2F%3E\" class=\"attachment-large size-large wp-image-9196 ld-lazyload\" alt=\"\" data-src=\"https:\/\/taifasfestival.ro\/wp-content\/uploads\/2025\/12\/2-1024x1024.jpg\" data-srcset=\"https:\/\/taifasfestival.ro\/wp-content\/uploads\/2025\/12\/2-1024x1024.jpg 1024w, https:\/\/taifasfestival.ro\/wp-content\/uploads\/2025\/12\/2-300x300.jpg 300w, https:\/\/taifasfestival.ro\/wp-content\/uploads\/2025\/12\/2-150x150.jpg 150w, https:\/\/taifasfestival.ro\/wp-content\/uploads\/2025\/12\/2-12x12.jpg 12w, https:\/\/taifasfestival.ro\/wp-content\/uploads\/2025\/12\/2-320x320.jpg 320w, https:\/\/taifasfestival.ro\/wp-content\/uploads\/2025\/12\/2-760x760.jpg 760w, https:\/\/taifasfestival.ro\/wp-content\/uploads\/2025\/12\/2.jpg 1080w\" data-sizes=\"(max-width: 780px) 100vw, 780px\" data-aspect=\"1\" \/>\t\t\t\t\t\t\t\t\t\t\t\t\t\t\t<\/div>\n\t\t\t\t<\/div>\n\t\t\t\t<div class=\"elementor-element elementor-element-1aa909e elementor-widget elementor-widget-hub_fancy_heading\" data-id=\"1aa909e\" data-element_type=\"widget\" data-widget_type=\"hub_fancy_heading.default\">\n\t\t\t\t<div class=\"elementor-widget-container\">\n\t\t\t\t\t\n\t\t<div id=\"ld-fancy-heading-69d47075d1c61\" class=\"ld-fancy-heading pos-rel\">\n\t\t\t<h4 class=\"ld-fh-element d-inline-block pos-rel  elementor-heading-title lqd-highlight-classic lqd-highlight-grow-left h4\"  > Nela Gluhak<\/h4>\t\t<\/div>\n\n\t\t\t\t\t\t<\/div>\n\t\t\t\t<\/div>\n\t\t\t\t<div class=\"elementor-element elementor-element-939b794 elementor-widget__width-initial elementor-widget elementor-widget-hub_fancy_heading\" data-id=\"939b794\" data-element_type=\"widget\" data-widget_type=\"hub_fancy_heading.default\">\n\t\t\t\t<div class=\"elementor-widget-container\">\n\t\t\t\t\t\n\t\t<div id=\"ld-fancy-heading-69d47075d2211\" class=\"ld-fancy-heading pos-rel\">\n\t\t\t\t\t<\/div>\n\n\t\t\t\t\t\t<\/div>\n\t\t\t\t<\/div>\n\t\t\t\t\t<\/div>\n\t\t<\/div>\n\t\t\t\t\t<\/div>\n\t\t<\/section>\n\t\t\t\t\t<\/div>\n\t\t<\/div>\n\t\t\t\t\t<\/div>\n\t\t<\/section>\n\t\t\t\t<\/div>","protected":false},"excerpt":{"rendered":"<p>Bursa de cercetare Taifas 2025 Bursa de cercetare Taifas reprezint\u0103 o ini\u021biativ\u0103 esen\u021bial\u0103 pentru sprijinirea cercet\u0103rii \u0219i inov\u0103rii \u00een domeniul cinematografiei. Prin intermediul ei, cercet\u0103tori, critici de film \u0219i al\u021bi profesioni\u0219ti au oportunitatea de a explora teme relevante, de a aduce noi perspective asupra istoriei \u0219i teoriei filmului, dar \u0219i de a eviden\u021bia aspecte culturale, [&hellip;]<\/p>","protected":false},"author":1,"featured_media":0,"parent":0,"menu_order":0,"comment_status":"closed","ping_status":"closed","template":"","meta":{"inline_featured_image":false,"footnotes":""},"class_list":["post-9176","page","type-page","status-publish","hentry"],"_links":{"self":[{"href":"https:\/\/taifasfestival.ro\/en\/wp-json\/wp\/v2\/pages\/9176","targetHints":{"allow":["GET"]}}],"collection":[{"href":"https:\/\/taifasfestival.ro\/en\/wp-json\/wp\/v2\/pages"}],"about":[{"href":"https:\/\/taifasfestival.ro\/en\/wp-json\/wp\/v2\/types\/page"}],"author":[{"embeddable":true,"href":"https:\/\/taifasfestival.ro\/en\/wp-json\/wp\/v2\/users\/1"}],"replies":[{"embeddable":true,"href":"https:\/\/taifasfestival.ro\/en\/wp-json\/wp\/v2\/comments?post=9176"}],"version-history":[{"count":7,"href":"https:\/\/taifasfestival.ro\/en\/wp-json\/wp\/v2\/pages\/9176\/revisions"}],"predecessor-version":[{"id":9199,"href":"https:\/\/taifasfestival.ro\/en\/wp-json\/wp\/v2\/pages\/9176\/revisions\/9199"}],"wp:attachment":[{"href":"https:\/\/taifasfestival.ro\/en\/wp-json\/wp\/v2\/media?parent=9176"}],"curies":[{"name":"wp","href":"https:\/\/api.w.org\/{rel}","templated":true}]}}