{"id":7117,"date":"2024-06-26T15:46:00","date_gmt":"2024-06-26T15:46:00","guid":{"rendered":"https:\/\/taifasfestival.mywp.ro\/?page_id=7117"},"modified":"2024-10-19T18:52:21","modified_gmt":"2024-10-19T18:52:21","slug":"despre-taifas-festival","status":"publish","type":"page","link":"https:\/\/taifasfestival.ro\/en\/despre-taifas-festival\/","title":{"rendered":"Despre Taifas Festival"},"content":{"rendered":"<div data-elementor-type=\"wp-page\" data-elementor-id=\"7117\" class=\"elementor elementor-7117\" data-elementor-post-type=\"page\">\n\t\t\t\t\t\t<section class=\"elementor-section elementor-top-section elementor-element elementor-element-4dc42c91 elementor-section-boxed elementor-section-height-default elementor-section-height-default\" data-id=\"4dc42c91\" data-element_type=\"section\" data-settings=\"{&quot;background_background&quot;:&quot;classic&quot;}\">\n\t\t\t\t\t\t<div class=\"elementor-container elementor-column-gap-default\">\n\t\t\t\t\t<div class=\"elementor-column elementor-col-100 elementor-top-column elementor-element elementor-element-1316a801\" data-id=\"1316a801\" data-element_type=\"column\">\n\t\t\t<div class=\"elementor-widget-wrap elementor-element-populated\">\n\t\t\t\t\t\t<section class=\"elementor-section elementor-inner-section elementor-element elementor-element-d9cf9b5 elementor-section-boxed elementor-section-height-default elementor-section-height-default\" data-id=\"d9cf9b5\" data-element_type=\"section\">\n\t\t\t\t\t\t<div class=\"elementor-container elementor-column-gap-default\">\n\t\t\t\t\t<div class=\"elementor-column elementor-col-100 elementor-inner-column elementor-element elementor-element-339fa5cf\" data-id=\"339fa5cf\" data-element_type=\"column\">\n\t\t\t<div class=\"elementor-widget-wrap elementor-element-populated\">\n\t\t\t\t\t\t<div class=\"elementor-element elementor-element-1503e4be elementor-widget elementor-widget-hub_fancy_heading\" data-id=\"1503e4be\" data-element_type=\"widget\" data-widget_type=\"hub_fancy_heading.default\">\n\t\t\t\t<div class=\"elementor-widget-container\">\n\t\t\t\t\t\n\t\t<div id=\"ld-fancy-heading-69e527ea3e666\" class=\"ld-fancy-heading pos-rel\">\n\t\t\t<h1 class=\"ld-fh-element d-inline-block pos-rel  elementor-heading-title lqd-highlight-classic lqd-highlight-grow-left h5\"  > TAIFAS - Balkan film and culture festival<\/h1>\t\t<\/div>\n\n\t\t\t\t\t\t<\/div>\n\t\t\t\t<\/div>\n\t\t\t\t\t<\/div>\n\t\t<\/div>\n\t\t\t\t\t<\/div>\n\t\t<\/section>\n\t\t\t\t<div class=\"elementor-element elementor-element-5f52ab11 elementor-widget elementor-widget-ld_fancy_image\" data-id=\"5f52ab11\" data-element_type=\"widget\" data-widget_type=\"ld_fancy_image.default\">\n\t\t\t\t<div class=\"elementor-widget-container\">\n\t\t\t\t\t\n\t\t<div class=\"lqd-imggrp-single d-block pos-rel perspective\" data-hover3d=\"true\">\n\t\t\t<div class=\"lqd-imggrp-img-container d-inline-flex pos-rel align-items-center justify-content-center transform-style-3d\">\n\t\t\t\t\t\t\t\t<figure class=\"w-100 pos-rel\" data-stacking-factor=\"1\" data-reveal=\"true\" data-reveal-options=\"{&quot;direction&quot;:&quot;lr&quot;}\">\n\t\t\t\t\t<img fetchpriority=\"high\" decoding=\"async\" width=\"857\" height=\"571\" src=\"https:\/\/taifasfestival.ro\/wp-content\/uploads\/2024\/06\/402110565_1060406595161268_5408917346403142739_n.jpg\" class=\"attachment-full size-full wp-image-7134\" alt=\"\" srcset=\"https:\/\/taifasfestival.ro\/wp-content\/uploads\/2024\/06\/402110565_1060406595161268_5408917346403142739_n.jpg 857w, https:\/\/taifasfestival.ro\/wp-content\/uploads\/2024\/06\/402110565_1060406595161268_5408917346403142739_n-300x200.jpg 300w, https:\/\/taifasfestival.ro\/wp-content\/uploads\/2024\/06\/402110565_1060406595161268_5408917346403142739_n-18x12.jpg 18w, https:\/\/taifasfestival.ro\/wp-content\/uploads\/2024\/06\/402110565_1060406595161268_5408917346403142739_n-720x480.jpg 720w\" sizes=\"(max-width: 857px) 100vw, 857px\" itemprop=\"image\" \/>\t\t\t\t\t\t\t\t\t\t\t\t\t\t\t\t\t\t\t\t\t\t\t\t\t\t\t\t\t<\/figure>\n\t\t\t<\/div>\n\t\t<\/div>\n\n\t\t\t\t\t<\/div>\n\t\t\t\t<\/div>\n\t\t\t\t\t<\/div>\n\t\t<\/div>\n\t\t\t\t\t<\/div>\n\t\t<\/section>\n\t\t\t\t<section class=\"elementor-section elementor-top-section elementor-element elementor-element-f853c99 elementor-section-boxed elementor-section-height-default elementor-section-height-default\" data-id=\"f853c99\" data-element_type=\"section\" data-settings=\"{&quot;background_background&quot;:&quot;classic&quot;}\">\n\t\t\t\t\t\t<div class=\"elementor-container elementor-column-gap-default\">\n\t\t\t\t\t<div class=\"elementor-column elementor-col-100 elementor-top-column elementor-element elementor-element-256bc22f\" data-id=\"256bc22f\" data-element_type=\"column\">\n\t\t\t<div class=\"elementor-widget-wrap elementor-element-populated\">\n\t\t\t\t\t\t<div class=\"elementor-element elementor-element-2400e697 elementor-widget elementor-widget-hub_fancy_heading\" data-id=\"2400e697\" data-element_type=\"widget\" data-widget_type=\"hub_fancy_heading.default\">\n\t\t\t\t<div class=\"elementor-widget-container\">\n\t\t\t\t\t\n\t\t<div id=\"ld-fancy-heading-69e527ea415fe\" class=\"ld-fancy-heading pos-rel\">\n\t\t\t<h2 class=\"ld-fh-element d-inline-block pos-rel  elementor-heading-title lqd-highlight-classic lqd-highlight-grow-left h2\"  > TAIFAS - The Balkan Film and Culture Festival is the result of a collaboration between two organizations passionate about art cinema, particularly Balkan cinema - Contrasens Cultural Association and Bad Unicorn. <\/h2>\t\t<\/div>\n\n\t\t\t\t\t\t<\/div>\n\t\t\t\t<\/div>\n\t\t\t\t<div class=\"elementor-element elementor-element-da48d3b elementor-widget elementor-widget-hub_fancy_heading\" data-id=\"da48d3b\" data-element_type=\"widget\" data-widget_type=\"hub_fancy_heading.default\">\n\t\t\t\t<div class=\"elementor-widget-container\">\n\t\t\t\t\t\n\t\t<div id=\"ld-fancy-heading-69e527ea41c90\" class=\"ld-fancy-heading pos-rel\">\n\t\t\t<h4 class=\"ld-fh-element d-inline-block pos-rel  elementor-heading-title lqd-highlight-classic lqd-highlight-grow-left h4\"  > TAIFAS goes beyond the niche of the film industry. The complementary elements of the event turn it into a broad interdisciplinary project that combines film, gastronomy, and music.<\/h4>\t\t<\/div>\n\n\t\t\t\t\t\t<\/div>\n\t\t\t\t<\/div>\n\t\t\t\t\t<\/div>\n\t\t<\/div>\n\t\t\t\t\t<\/div>\n\t\t<\/section>\n\t\t\t\t<section class=\"elementor-section elementor-top-section elementor-element elementor-element-3ff460ce elementor-section-boxed elementor-section-height-default elementor-section-height-default\" data-id=\"3ff460ce\" data-element_type=\"section\" data-settings=\"{&quot;background_background&quot;:&quot;classic&quot;}\">\n\t\t\t\t\t\t<div class=\"elementor-container elementor-column-gap-no\">\n\t\t\t\t\t<div class=\"elementor-column elementor-col-100 elementor-top-column elementor-element elementor-element-1466cf2b\" data-id=\"1466cf2b\" data-element_type=\"column\">\n\t\t\t<div class=\"elementor-widget-wrap elementor-element-populated\">\n\t\t\t\t\t\t<section class=\"elementor-section elementor-inner-section elementor-element elementor-element-423b3602 elementor-section-boxed elementor-section-height-default elementor-section-height-default\" data-id=\"423b3602\" data-element_type=\"section\">\n\t\t\t\t\t\t<div class=\"elementor-container elementor-column-gap-default\">\n\t\t\t\t\t<div class=\"elementor-column elementor-col-100 elementor-inner-column elementor-element elementor-element-5acd4d45\" data-id=\"5acd4d45\" data-element_type=\"column\">\n\t\t\t<div class=\"elementor-widget-wrap elementor-element-populated\">\n\t\t\t\t\t\t<div class=\"elementor-element elementor-element-15c4905a elementor-widget elementor-widget-hub_fancy_heading\" data-id=\"15c4905a\" data-element_type=\"widget\" data-widget_type=\"hub_fancy_heading.default\">\n\t\t\t\t<div class=\"elementor-widget-container\">\n\t\t\t\t\t\n\t\t<div id=\"ld-fancy-heading-69e527ea422cc\" class=\"ld-fancy-heading pos-rel\">\n\t\t\t<h2 class=\"ld-fh-element d-inline-block pos-rel  elementor-heading-title lqd-highlight-classic lqd-highlight-grow-left h2\"  > TAIFAS is a story about people, places, and connections, about shared histories, pains, and pleasures.<\/h2>\t\t<\/div>\n\n\t\t\t\t\t\t<\/div>\n\t\t\t\t<\/div>\n\t\t\t\t\t<\/div>\n\t\t<\/div>\n\t\t\t\t\t<\/div>\n\t\t<\/section>\n\t\t\t\t<section class=\"elementor-section elementor-inner-section elementor-element elementor-element-c7b2b78 elementor-section-boxed elementor-section-height-default elementor-section-height-default\" data-id=\"c7b2b78\" data-element_type=\"section\">\n\t\t\t\t\t\t<div class=\"elementor-container elementor-column-gap-default\">\n\t\t\t\t\t<div class=\"elementor-column elementor-col-100 elementor-inner-column elementor-element elementor-element-3b64008\" data-id=\"3b64008\" data-element_type=\"column\">\n\t\t\t<div class=\"elementor-widget-wrap elementor-element-populated\">\n\t\t\t\t\t\t<div class=\"elementor-element elementor-element-c8f1a86 elementor-widget__width-initial elementor-widget-mobile__width-inherit elementor-widget elementor-widget-hub_fancy_heading\" data-id=\"c8f1a86\" data-element_type=\"widget\" data-widget_type=\"hub_fancy_heading.default\">\n\t\t\t\t<div class=\"elementor-widget-container\">\n\t\t\t\t\t\n\t\t<div id=\"ld-fancy-heading-69e527ea428c6\" class=\"ld-fancy-heading pos-rel\">\n\t\t\t<h2 class=\"ld-fh-element d-inline-block pos-rel  elementor-heading-title lqd-highlight-classic lqd-highlight-grow-left h2\"  > From the smallest gestures to moments that changed countries and destinies, it's hard to find memorable successes that didn't start with a \u201ctaifas\u201d.\n\n<br><br>\nTaifas refers to that good conversation among friends that ends with a constructive conclusion, a less constructive one, or even a dead end. Because a \u201ctaifas\u201d never comes alone. It's preceded by one \u201ctaifas\u201d, and more than likely, it's followed by another one.\n<br><br>\nTaifas is what happens after a few months spent in the Balkans. An added layer of emotion, closeness, spark, and resonance. An ever-honest exchange, knowledge pushing beyond socially accepted boundaries and transcending them, familiarity par excellence.\n<br><br>\nTaifas can be in any of the arts, but above all, taifas is an art. We engage in cinematic taifas with others and with ourselves. We seek truth, find delight, set ambitious goals or aim for nothing, in any case, we enjoy. From short scenes to long ones, from gentle lines to those that lash out, from old frames to new ones, from the light that gently touches places and people.\n<br><br>\nChatter with substance or without, the purpose of taifas is taifas itself.<\/h2>\t\t<\/div>\n\n\t\t\t\t\t\t<\/div>\n\t\t\t\t<\/div>\n\t\t\t\t\t<\/div>\n\t\t<\/div>\n\t\t\t\t\t<\/div>\n\t\t<\/section>\n\t\t\t\t<div class=\"elementor-element elementor-element-6bfbea46 elementor-widget elementor-widget-spacer\" data-id=\"6bfbea46\" data-element_type=\"widget\" data-widget_type=\"spacer.default\">\n\t\t\t\t<div class=\"elementor-widget-container\">\n\t\t\t\t\t\t\t<div class=\"elementor-spacer\">\n\t\t\t<div class=\"elementor-spacer-inner\"><\/div>\n\t\t<\/div>\n\t\t\t\t\t\t<\/div>\n\t\t\t\t<\/div>\n\t\t\t\t\t<\/div>\n\t\t<\/div>\n\t\t\t\t\t<\/div>\n\t\t<\/section>\n\t\t\t\t<section class=\"elementor-section elementor-top-section elementor-element elementor-element-2a980253 elementor-section-boxed elementor-section-height-default elementor-section-height-default\" data-id=\"2a980253\" data-element_type=\"section\" data-settings=\"{&quot;background_background&quot;:&quot;classic&quot;}\">\n\t\t\t\t\t\t<div class=\"elementor-container elementor-column-gap-no\">\n\t\t\t\t\t<div class=\"elementor-column elementor-col-100 elementor-top-column elementor-element elementor-element-71dd6001\" data-id=\"71dd6001\" data-element_type=\"column\">\n\t\t\t<div class=\"elementor-widget-wrap elementor-element-populated\">\n\t\t\t\t\t\t<section class=\"elementor-section elementor-inner-section elementor-element elementor-element-69d9924c elementor-section-boxed elementor-section-height-default elementor-section-height-default\" data-id=\"69d9924c\" data-element_type=\"section\">\n\t\t\t\t\t\t<div class=\"elementor-container elementor-column-gap-default\">\n\t\t\t\t\t<div class=\"elementor-column elementor-col-100 elementor-inner-column elementor-element elementor-element-112177d6\" data-id=\"112177d6\" data-element_type=\"column\">\n\t\t\t<div class=\"elementor-widget-wrap elementor-element-populated\">\n\t\t\t\t\t\t<div class=\"elementor-element elementor-element-1fb2446 elementor-widget__width-auto elementor-widget elementor-widget-hub_fancy_heading\" data-id=\"1fb2446\" data-element_type=\"widget\" data-widget_type=\"hub_fancy_heading.default\">\n\t\t\t\t<div class=\"elementor-widget-container\">\n\t\t\t\t\t\n\t\t<div id=\"ld-fancy-heading-69e527ea42e4b\" class=\"ld-fancy-heading pos-rel\">\n\t\t\t<h6 class=\"ld-fh-element d-inline-block pos-rel  elementor-heading-title lqd-highlight-classic lqd-highlight-grow-left h6\"  > ABOUT US<\/h6>\t\t<\/div>\n\n\t\t\t\t\t\t<\/div>\n\t\t\t\t<\/div>\n\t\t\t\t<div class=\"elementor-element elementor-element-8c2f733 elementor-widget elementor-widget-hub_fancy_heading\" data-id=\"8c2f733\" data-element_type=\"widget\" data-widget_type=\"hub_fancy_heading.default\">\n\t\t\t\t<div class=\"elementor-widget-container\">\n\t\t\t\t\t\n\t\t<div id=\"ld-fancy-heading-69e527ea4334c\" class=\"ld-fancy-heading pos-rel\">\n\t\t\t<h3 class=\"ld-fh-element d-inline-block pos-rel  elementor-heading-title lqd-highlight-classic lqd-highlight-grow-left h3\"  > \ud835\udc13\ud835\udc00\ud835\udc08\ud835\udc05\ud835\udc00\ud835\udc12 - The Balkan Film and Culture Festival brings arthouse cinema closer to the public, connects diverse communities, and supports the new generation of filmmakers. The first edition, \"New Beginnings,\" took place from \ud835\udfd3-\ud835\udfcf\ud835\udfd0 \ud835\udc0d\ud835\udc28\ud835\udc2f\ud835\udc1e\ud835\udc26\ud835\udc1b\ud835\udc1e\ud835\udc2b 2023, in Timi\u0219oara \u2013 the year Timi\u0219oara held the title of European Capital of Culture. We see the Balkans as a state of mind and a way of life, not necessarily a geographical area.<\/h3>\t\t<\/div>\n\n\t\t\t\t\t\t<\/div>\n\t\t\t\t<\/div>\n\t\t\t\t<div class=\"elementor-element elementor-element-028a23f elementor-widget__width-auto elementor-absolute elementor-widget elementor-widget-ld_fancy_image\" data-id=\"028a23f\" data-element_type=\"widget\" data-settings=\"{&quot;_position&quot;:&quot;absolute&quot;}\" data-widget_type=\"ld_fancy_image.default\">\n\t\t\t\t<div class=\"elementor-widget-container\">\n\t\t\t\t\t\n\t\t<div class=\"lqd-imggrp-single d-block pos-rel\">\n\t\t\t<div class=\"lqd-imggrp-img-container d-inline-flex pos-rel align-items-center justify-content-center\">\n\t\t\t\t\t\t\t\t<figure class=\"w-100 pos-rel\">\n\t\t\t\t\t<img decoding=\"async\" width=\"229\" height=\"300\" src=\"https:\/\/taifasfestival.ro\/wp-content\/uploads\/2024\/06\/casetofon-229x300.png\" class=\"attachment-medium size-medium wp-image-7135\" alt=\"\" srcset=\"https:\/\/taifasfestival.ro\/wp-content\/uploads\/2024\/06\/casetofon-229x300.png 229w, https:\/\/taifasfestival.ro\/wp-content\/uploads\/2024\/06\/casetofon-780x1024.png 780w, https:\/\/taifasfestival.ro\/wp-content\/uploads\/2024\/06\/casetofon-9x12.png 9w, https:\/\/taifasfestival.ro\/wp-content\/uploads\/2024\/06\/casetofon-800x1050.png 800w, https:\/\/taifasfestival.ro\/wp-content\/uploads\/2024\/06\/casetofon.png 928w\" sizes=\"(max-width: 229px) 100vw, 229px\" itemprop=\"image\" \/>\t\t\t\t\t\t\t\t\t\t\t\t\t\t\t\t\t\t\t\t\t\t\t\t\t\t\t\t\t<\/figure>\n\t\t\t<\/div>\n\t\t<\/div>\n\n\t\t\t\t\t<\/div>\n\t\t\t\t<\/div>\n\t\t\t\t\t<\/div>\n\t\t<\/div>\n\t\t\t\t\t<\/div>\n\t\t<\/section>\n\t\t\t\t\t<\/div>\n\t\t<\/div>\n\t\t\t\t\t<\/div>\n\t\t<\/section>\n\t\t<div data-section-luminosity=\"dark\" class=\"elementor-element elementor-element-af6a067 e-flex e-con-boxed e-con e-parent\" data-id=\"af6a067\" data-element_type=\"container\" data-settings=\"{&quot;background_background&quot;:&quot;classic&quot;}\">\n\t\t\t\t\t<div class=\"e-con-inner\">\n\t\t<div data-custom-animations=\"true\" data-ca-options=\"{&quot;addChildTimelines&quot;:false,&quot;animationTarget&quot;:&quot;:scope  &gt; .elementor-element:not(.lqd-exclude-parent-ca) &gt; .elementor-widget-container, :scope  &gt; .elementor-widget-hub_fancy_heading .lqd-split-lines .lqd-lines .split-inner, :scope  &gt; .elementor-widget-hub_fancy_heading .lqd-split-words .lqd-words .split-inner, :scope  &gt; .elementor-widget-hub_fancy_heading .lqd-split-chars .lqd-chars .split-inner, :scope  &gt; .elementor-widget-hub_fancy_heading .lqd-adv-txt-fig, :scope  &gt; .elementor-widget-ld_custom_menu .lqd-fancy-menu &gt; ul &gt; li, :scope .e-con:not([data-parallax]) .elementor-element &gt; .elementor-widget-container, :scope .e-con:not([data-parallax]) .elementor-widget-hub_fancy_heading .lqd-split-lines .lqd-lines .split-inner, :scope .e-con:not([data-parallax]) .elementor-widget-hub_fancy_heading .lqd-split-words .lqd-words .split-inner, :scope .e-con:not([data-parallax]) .elementor-widget-hub_fancy_heading .lqd-split-chars .lqd-chars .split-inner, :scope .e-con:not([data-parallax]) .elementor-widget-ld_custom_menu .lqd-fancy-menu &gt; ul &gt; li&quot;,&quot;duration&quot;:1000,&quot;delay&quot;:60,&quot;ease&quot;:[&quot;power4.out&quot;],&quot;initValues&quot;:{&quot;y&quot;:&quot;30px&quot;,&quot;opacity&quot;:0},&quot;animations&quot;:{&quot;y&quot;:&quot;0px&quot;,&quot;opacity&quot;:1}}\" class=\"elementor-element elementor-element-d9f14e2 e-con-full e-flex e-con e-child\" data-id=\"d9f14e2\" data-element_type=\"container\">\n\t\t\t\t<div class=\"elementor-element elementor-element-8d0e1df elementor-widget-tablet__width-inherit elementor-widget elementor-widget-hub_fancy_heading\" data-id=\"8d0e1df\" data-element_type=\"widget\" data-widget_type=\"hub_fancy_heading.default\">\n\t\t\t\t<div class=\"elementor-widget-container\">\n\t\t\t\t\t\n\t\t<div id=\"ld-fancy-heading-69e527ea44293\" class=\"ld-fancy-heading pos-rel\">\n\t\t\t<h3 class=\"ld-fh-element d-inline-block pos-rel  elementor-heading-title lqd-highlight-classic lqd-highlight-grow-left h3\"  > TAIFAS is a story about people, places, and connections, about shared histories, pains, and pleasures.<\/h3>\t\t<\/div>\n\n\t\t\t\t\t\t<\/div>\n\t\t\t\t<\/div>\n\t\t\t\t<\/div>\n\t\t\t\t\t<\/div>\n\t\t\t\t<\/div>\n\t\t<div data-section-luminosity=\"light\" class=\"elementor-element elementor-element-e7fda89 e-flex e-con-boxed e-con e-parent\" data-id=\"e7fda89\" data-element_type=\"container\">\n\t\t\t\t\t<div class=\"e-con-inner\">\n\t\t<div data-custom-animations=\"true\" data-ca-options=\"{&quot;addChildTimelines&quot;:false,&quot;animationTarget&quot;:&quot;:scope  &gt; .elementor-element:not(.lqd-exclude-parent-ca) &gt; .elementor-widget-container, :scope  &gt; .elementor-widget-hub_fancy_heading .lqd-split-lines .lqd-lines .split-inner, :scope  &gt; .elementor-widget-hub_fancy_heading .lqd-split-words .lqd-words .split-inner, :scope  &gt; .elementor-widget-hub_fancy_heading .lqd-split-chars .lqd-chars .split-inner, :scope  &gt; .elementor-widget-hub_fancy_heading .lqd-adv-txt-fig, :scope  &gt; .elementor-widget-ld_custom_menu .lqd-fancy-menu &gt; ul &gt; li, :scope .e-con:not([data-parallax]) .elementor-element &gt; .elementor-widget-container, :scope .e-con:not([data-parallax]) .elementor-widget-hub_fancy_heading .lqd-split-lines .lqd-lines .split-inner, :scope .e-con:not([data-parallax]) .elementor-widget-hub_fancy_heading .lqd-split-words .lqd-words .split-inner, :scope .e-con:not([data-parallax]) .elementor-widget-hub_fancy_heading .lqd-split-chars .lqd-chars .split-inner, :scope .e-con:not([data-parallax]) .elementor-widget-ld_custom_menu .lqd-fancy-menu &gt; ul &gt; li&quot;,&quot;duration&quot;:1000,&quot;delay&quot;:60,&quot;ease&quot;:[&quot;power4.out&quot;],&quot;initValues&quot;:{&quot;y&quot;:&quot;30px&quot;,&quot;opacity&quot;:0},&quot;animations&quot;:{&quot;y&quot;:&quot;0px&quot;,&quot;opacity&quot;:1}}\" class=\"elementor-element elementor-element-7aacbaa e-con-full e-flex e-con e-child\" data-id=\"7aacbaa\" data-element_type=\"container\">\n\t\t\t\t<div class=\"elementor-element elementor-element-7c31f1c elementor-widget elementor-widget-hub_fancy_heading\" data-id=\"7c31f1c\" data-element_type=\"widget\" data-widget_type=\"hub_fancy_heading.default\">\n\t\t\t\t<div class=\"elementor-widget-container\">\n\t\t\t\t\t\n\t\t<div id=\"ld-fancy-heading-69e527ea4476f\" class=\"ld-fancy-heading pos-rel\">\n\t\t\t<h2 class=\"ld-fh-element d-inline-block pos-rel  elementor-heading-title lqd-highlight-classic lqd-highlight-grow-left h2\"  > Team<\/h2>\t\t<\/div>\n\n\t\t\t\t\t\t<\/div>\n\t\t\t\t<\/div>\n\t\t\t\t<\/div>\n\t\t<div data-custom-animations=\"true\" data-ca-options=\"{&quot;addChildTimelines&quot;:false,&quot;animationTarget&quot;:&quot;:scope  &gt; .elementor-element:not(.lqd-exclude-parent-ca) &gt; .elementor-widget-container, :scope  &gt; .elementor-widget-hub_fancy_heading .lqd-split-lines .lqd-lines .split-inner, :scope  &gt; .elementor-widget-hub_fancy_heading .lqd-split-words .lqd-words .split-inner, :scope  &gt; .elementor-widget-hub_fancy_heading .lqd-split-chars .lqd-chars .split-inner, :scope  &gt; .elementor-widget-hub_fancy_heading .lqd-adv-txt-fig, :scope  &gt; .elementor-widget-ld_custom_menu .lqd-fancy-menu &gt; ul &gt; li, :scope .e-con:not([data-parallax]) .elementor-element &gt; .elementor-widget-container, :scope .e-con:not([data-parallax]) .elementor-widget-hub_fancy_heading .lqd-split-lines .lqd-lines .split-inner, :scope .e-con:not([data-parallax]) .elementor-widget-hub_fancy_heading .lqd-split-words .lqd-words .split-inner, :scope .e-con:not([data-parallax]) .elementor-widget-hub_fancy_heading .lqd-split-chars .lqd-chars .split-inner, :scope .e-con:not([data-parallax]) .elementor-widget-ld_custom_menu .lqd-fancy-menu &gt; ul &gt; li&quot;,&quot;duration&quot;:1000,&quot;startDelay&quot;:200,&quot;delay&quot;:60,&quot;ease&quot;:[&quot;power4.out&quot;],&quot;initValues&quot;:{&quot;y&quot;:&quot;30px&quot;,&quot;opacity&quot;:0},&quot;animations&quot;:{&quot;y&quot;:&quot;0px&quot;,&quot;opacity&quot;:1}}\" class=\"elementor-element elementor-element-f75b9be e-con-full elementor-hidden-tablet elementor-hidden-mobile e-flex e-con e-child\" data-id=\"f75b9be\" data-element_type=\"container\">\n\t\t\t\t<\/div>\n\t\t\t\t<div class=\"elementor-element elementor-element-9976482 elementor-widget__width-inherit elementor-widget elementor-widget-text-editor\" data-id=\"9976482\" data-element_type=\"widget\" data-widget_type=\"text-editor.default\">\n\t\t\t\t<div class=\"elementor-widget-container\">\n\t\t\t\t\t\t\t\t\t<p><strong>C\u0103t\u0103lin Olaru<\/strong>\u00a0 - Art director<\/p><p><strong>Dana Sarme\u0219<\/strong> - Executive Director<\/p><p><strong>Monica Felea<\/strong> - Operational Director<\/p><p><strong>Simona Constantin, Melissa Ivana<\/strong> - Producer<\/p><p><strong>\u0218tefan Bradea<\/strong> &#8211; Programming Manager<\/p><p><strong>Andrea Reisz<\/strong> - Educational Programs Coordinator<\/p><p><strong>Alexandru Hygied<\/strong> - Literary Residency Coordinator<\/p><p><strong>S\u00eenziana Pintean<\/strong> - Film Residency Coordinator<\/p><p><strong>Ana-Maria Crati\u021b\u0103<\/strong> \u2013 Guest Relations Manager<\/p><p><strong>Victor Ion<\/strong> - Volunteer Coordinator<\/p><p><strong>Livia Coloji<\/strong> - Graphic Design<\/p><p><strong>Felicia Cojocaru, Ada Vlad<\/strong> - PR &amp; Communication<\/p><p><strong>Daria Dan<\/strong> \u2013 Ticketing Manager<\/p><p><strong>Sandu Macrinici<\/strong> - Film Education Conference Coordinator<\/p>\t\t\t\t\t\t\t\t<\/div>\n\t\t\t\t<\/div>\n\t\t\t\t\t<\/div>\n\t\t\t\t<\/div>\n\t\t\t\t<\/div>","protected":false},"excerpt":{"rendered":"<p>TAIFAS &#8211; Festivalul de Film \u0219i Cultur\u0103 Balcanic\u0103 TAIFAS &#8211; Festivalul de Film \u0219i Cultur\u0103 Balcanic\u0103 este rezultatul colabor\u0103rii dintre dou\u0103 organiza\u021bii pasionate de filmul de art\u0103 \u0219i, \u00een special, de cel balcanic &#8211; Asocia\u021bia Cultural\u0103 Contrasens \u0219i Bad Unicorn. TAIFAS nu se limiteaz\u0103 la ni\u0219a industriei cinematografice, componentele complementare ale evenimentului \u00eel transform\u0103 \u00eentr-un [&hellip;]<\/p>","protected":false},"author":1,"featured_media":0,"parent":0,"menu_order":0,"comment_status":"closed","ping_status":"closed","template":"","meta":{"inline_featured_image":false,"footnotes":""},"class_list":["post-7117","page","type-page","status-publish","hentry"],"_links":{"self":[{"href":"https:\/\/taifasfestival.ro\/en\/wp-json\/wp\/v2\/pages\/7117","targetHints":{"allow":["GET"]}}],"collection":[{"href":"https:\/\/taifasfestival.ro\/en\/wp-json\/wp\/v2\/pages"}],"about":[{"href":"https:\/\/taifasfestival.ro\/en\/wp-json\/wp\/v2\/types\/page"}],"author":[{"embeddable":true,"href":"https:\/\/taifasfestival.ro\/en\/wp-json\/wp\/v2\/users\/1"}],"replies":[{"embeddable":true,"href":"https:\/\/taifasfestival.ro\/en\/wp-json\/wp\/v2\/comments?post=7117"}],"version-history":[{"count":40,"href":"https:\/\/taifasfestival.ro\/en\/wp-json\/wp\/v2\/pages\/7117\/revisions"}],"predecessor-version":[{"id":8281,"href":"https:\/\/taifasfestival.ro\/en\/wp-json\/wp\/v2\/pages\/7117\/revisions\/8281"}],"wp:attachment":[{"href":"https:\/\/taifasfestival.ro\/en\/wp-json\/wp\/v2\/media?parent=7117"}],"curies":[{"name":"wp","href":"https:\/\/api.w.org\/{rel}","templated":true}]}}